{"id":67,"date":"2024-02-13T10:15:32","date_gmt":"2024-02-13T09:15:32","guid":{"rendered":"https:\/\/online-verdienst.biz\/?page_id=67"},"modified":"2024-02-17T13:32:46","modified_gmt":"2024-02-17T12:32:46","slug":"faucets","status":"publish","type":"page","link":"https:\/\/online-verdienst.biz\/?page_id=67","title":{"rendered":"Faucets"},"content":{"rendered":"\n<h2 class=\"wp-block-heading\"><br>Freebitco.in: Beschreibung<\/h2>\n\n\n\n<p>Freebitco.in ist eine Website, die es Benutzern erm\u00f6glicht, <strong>kostenlos Bitcoins zu verdienen<\/strong>. Es funktioniert wie folgt:<\/p>\n\n\n\n<p><strong>1. Anmeldung:<\/strong><\/p>\n\n\n\n<p>Erstellen Sie ein Konto auf der Website. Sie ben\u00f6tigen lediglich eine E-Mail-Adresse und ein Passwort.<\/p>\n\n\n\n<p><strong>2. Beanspruchen Sie Ihre kostenlosen Bitcoins:<\/strong><\/p>\n\n\n\n<p>Alle 60 Minuten k\u00f6nnen Sie die Website besuchen und den &#8222;Roll&#8220;-Button bet\u00e4tigen. Sie erhalten dann eine <strong>zuf\u00e4llige Anzahl von Bitcoins<\/strong>, die Ihrem Konto gutgeschrieben werden.<\/p>\n\n\n\n<p><strong>3. Erh\u00f6hen Sie Ihre Gewinne:<\/strong><\/p>\n\n\n\n<p>Es gibt verschiedene M\u00f6glichkeiten, Ihre Gewinne auf Freebitco.in zu erh\u00f6hen:<\/p>\n\n\n\n<ul class=\"wp-block-list\">\n<li><strong>Steigern Sie Ihre &#8222;Loyalty&#8220;-Stufe:<\/strong>&nbsp;Je l\u00e4nger Sie aktiv sind,&nbsp;desto h\u00f6her ist Ihre &#8222;Loyalty&#8220;-Stufe und desto mehr Bitcoins erhalten Sie pro Roll.<\/li>\n\n\n\n<li><strong>Nehmen Sie am &#8222;Multiply&#8220;-Spiel teil:<\/strong>&nbsp;Hier k\u00f6nnen Sie Ihre Bitcoins vervielfachen,&nbsp;indem Sie richtig vorhersagen,&nbsp;ob der n\u00e4chste Kurs von Bitcoin steigen oder fallen wird.<\/li>\n\n\n\n<li><strong>Investieren Sie in &#8222;FreeBitco.in Lottery Tickets&#8220;:<\/strong>&nbsp;Sie k\u00f6nnen Lotteriescheine kaufen,&nbsp;um die Chance auf einen gro\u00dfen Bitcoin-Gewinn zu erhalten.<\/li>\n\n\n\n<li><strong>Werben Sie neue Nutzer:<\/strong>&nbsp;Sie erhalten eine Provision f\u00fcr jeden neuen Nutzer,&nbsp;den Sie auf die Website bringen.<\/li>\n<\/ul>\n\n\n\n<p><strong>4. Auszahlung:<\/strong><\/p>\n\n\n\n<p>Sie k\u00f6nnen Ihre Bitcoins jederzeit abheben, sobald Sie den Mindestbetrag von 0,0003 BTC erreicht haben.<\/p>\n\n\n\n<p><strong>Weitere Informationen:<\/strong><\/p>\n\n\n\n<ul class=\"wp-block-list\">\n<li><strong>Website:<\/strong>&nbsp;&lt;ung\u00fcltige URL entfernt&gt;<\/li>\n\n\n\n<li><strong>Zahlungsm\u00f6glichkeiten:<\/strong>&nbsp;Bitcoin<\/li>\n\n\n\n<li><strong>Mindestauszahlungsbetrag:<\/strong>&nbsp;0,0003 BTC<\/li>\n\n\n\n<li><strong>Geb\u00fchren:<\/strong>&nbsp;Keine<\/li>\n\n\n\n<li><strong>Verf\u00fcgbarkeit:<\/strong>&nbsp;Weltweit<\/li>\n<\/ul>\n\n\n\n<p><strong>Bewertungen:<\/strong><\/p>\n\n\n\n<p>Freebitco.in hat gemischte Bewertungen.<\/p>\n\n\n\n<ul class=\"wp-block-list\">\n<li><strong>Positive Bewertungen:<\/strong>\n<ul class=\"wp-block-list\">\n<li>Einfache Bedienung<\/li>\n\n\n\n<li>Kostenlose Bitcoins<\/li>\n\n\n\n<li>Verschiedene M\u00f6glichkeiten,&nbsp;Gewinne zu erh\u00f6hen<\/li>\n\n\n\n<li>Schnelle Auszahlungen<\/li>\n<\/ul>\n<\/li>\n\n\n\n<li><strong>Negative Bewertungen:<\/strong>\n<ul class=\"wp-block-list\">\n<li>Geringe Auszahlungsbetr\u00e4ge<\/li>\n\n\n\n<li>Gl\u00fccksspiel-Elemente<\/li>\n<\/ul>\n<\/li>\n<\/ul>\n\n\n\n<p><strong>Fazit:<\/strong><\/p>\n\n\n\n<p>Freebitco.in ist eine legitime M\u00f6glichkeit, kostenlose Bitcoins zu verdienen. Es ist jedoch wichtig, sich  der Gl\u00fccksspiel-Elemente bewusst zu sein. Investieren Sie nur Geld, das Sie sich leisten k\u00f6nnen zu verlieren.<\/p>\n\n\n\n<p><a href=\"https:\/\/freebitco.in\/?r=18729873\">Hier anmelden<\/a><\/p>\n\n\n\n<h2 class=\"wp-block-heading\"><br>Liste der besten Krypto-Faucets <\/h2>\n\n\n\n<figure class=\"wp-block-table\"><table><tbody><tr><th><strong>Faucet<\/strong><\/th><th><strong>Kryptow\u00e4hrung<\/strong><\/th><th><strong>Auszahlungsmethode<\/strong><\/th><th>Boni<\/th><th><strong>Besonderheiten<\/strong> <\/th><\/tr><tr><td><strong><a href=\"http:\/\/cointiply.com\/r\/B8jKd\" data-type=\"link\" data-id=\"http:\/\/cointiply.com\/r\/B8jKd\" target=\"_blank\" rel=\"noreferrer noopener\">Contiply<\/a><\/strong><\/td><td>Bitcoin, Dogecoin, Litecoin, Ethereum, Dash<\/td><td>Bitcoin, Dogecoin, Litecoin, Ethereum, Dash<\/td><td>T\u00e4gliche Boni, Umfragen, Spiele, Angebote<\/td><td><strong>Hohe Auszahlungsraten, viele Verdienstm\u00f6glichkeiten<\/strong><\/td><\/tr><tr><td><strong><a href=\"https:\/\/freebitco.in\/?r=18729873\" target=\"_blank\" rel=\"noreferrer noopener\">FreeBitcoin<\/a><\/strong><\/td><td>Bitcoin<\/td><td>Bitcoin<\/td><td>T\u00e4gliche Boni, Lotterie, Spiele<\/td><td><strong>Etabliert seit 2013, gro\u00dfe Community<\/strong><\/td><\/tr><tr><td><strong><a href=\"https:\/\/satoshihero.com\/register?r=26b5e1jg\" target=\"_blank\" rel=\"noreferrer noopener\">Satoshihero<\/a><\/strong><\/td><td>Bitcoin<\/td><td>Bitcoin<\/td><td>T\u00e4gliche Boni, Umfragen, Spiele, Angebote<\/td><td><strong>Viele Verdienstm\u00f6glichkeiten, aktives Forum<\/strong><\/td><\/tr><tr><td><strong><a href=\"https:\/\/coinpayz.xyz\/?r=361966\" data-type=\"link\" data-id=\"https:\/\/coinpayz.xyz\/?r=361966\" target=\"_blank\" rel=\"noreferrer noopener\">Altcoin<\/a><\/strong><\/td><td>Bitcoin, Ethereum, Litecoin, Dogecoin, Ripple, Tron<\/td><td>Bitcoin, Ethereum, Litecoin, Dogecoin, Ripple, Tron<\/td><td>T\u00e4gliche Boni, Umfragen, Spiele, Angebote<\/td><td><strong>Faucet f\u00fcr mehrere Kryptow\u00e4hrungen<\/strong><\/td><\/tr><tr><td><strong><a href=\"https:\/\/accounts.binance.com\/register?ref=NCQYF82C\" target=\"_blank\" rel=\"noreferrer noopener\">Binance<\/a><\/strong><\/td><td>Bitcoin, Ethereum, Binance Coin<\/td><td>Bitcoin, Ethereum, Binance Coin<\/td><td>T\u00e4gliche Boni, Staking, Launchpad<\/td><td><strong>Krypto-B\u00f6rse mit Faucet-Funktion<\/strong><\/td><\/tr><tr><td><strong><a href=\"https:\/\/firefaucet.win\/ref\/565006\" data-type=\"link\" data-id=\"https:\/\/firefaucet.win\/ref\/565006\" target=\"_blank\" rel=\"noreferrer noopener\">Firefaucet<\/a><\/strong><\/td><td>Bitcoin, Ethereum, Litecoin, Dogecoin, Tron<\/td><td>Bitcoin, Ethereum, Litecoin, Dogecoin, Tron<\/td><td>T\u00e4gliche Boni, Umfragen, Spiele, Angebote<\/td><td><strong>Faucet mit vielen Verdienstm\u00f6glichkeiten<\/strong><\/td><\/tr><tr><td><\/td><td>Bitcoin, Ethereum, Litecoin, Dogecoin<\/td><td>Bitcoin, Ethereum, Litecoin, Dogecoin<\/td><td>Staking, Masternodes<\/td><td><strong>Faucet mit Zinseszins-Effekt<\/strong><\/td><\/tr><\/tbody><\/table><\/figure>\n\n\n\n<p><\/p>\n\n\n\n<p><strong>Weitere empfehlenswerte Faucets:<\/strong><\/p>\n\n\n\n<ul class=\"wp-block-list\">\n<li><strong><a href=\"https:\/\/faucetcrypto.com\/r\/110032\" target=\"_blank\" rel=\"noreferrer noopener\">FaucetCrypto<\/a><\/strong>&nbsp;(Bitcoin,&nbsp;Ethereum,&nbsp;Litecoin,&nbsp;Dogecoin)<\/li>\n\n\n\n<li><strong><a href=\"https:\/\/r.adbtc.top\/1582568\" target=\"_blank\" rel=\"noreferrer noopener\">AdBTC<\/a><\/strong>\u00a0(Bitcoin)<\/li>\n\n\n\n<li><strong><a href=\"https:\/\/earnbitmoon.club\/?ref=471645\" target=\"_blank\" rel=\"noreferrer noopener\">Earnbitmoon<\/a><\/strong> (Bitcoin)<\/li>\n<\/ul>\n\n\n\n<p><strong>Wichtig:<\/strong><\/p>\n\n\n\n<ul class=\"wp-block-list\">\n<li>Faucets sind kein schneller Weg,&nbsp;um reich zu werden.&nbsp;Die Verdienstm\u00f6glichkeiten sind meist gering.<\/li>\n\n\n\n<li>Informieren Sie sich vor der Nutzung eines Faucets \u00fcber die Allgemeinen Gesch\u00e4ftsbedingungen.<\/li>\n\n\n\n<li>Verwenden Sie ein starkes Passwort und aktivieren Sie die Zwei-Faktor-Authentifizierung.<\/li>\n<\/ul>\n","protected":false},"excerpt":{"rendered":"<p>Freebitco.in: Beschreibung Freebitco.in ist eine Website, die es Benutzern erm\u00f6glicht, kostenlos Bitcoins zu verdienen. Es funktioniert wie folgt: 1. Anmeldung: Erstellen Sie ein Konto auf der Website. Sie ben\u00f6tigen lediglich eine E-Mail-Adresse und ein Passwort. 2. Beanspruchen Sie Ihre kostenlosen Bitcoins: Alle 60 Minuten k\u00f6nnen Sie die Website besuchen und den &#8222;Roll&#8220;-Button bet\u00e4tigen. Sie erhalten [&hellip;]<\/p>\n","protected":false},"author":1,"featured_media":0,"parent":0,"menu_order":0,"comment_status":"closed","ping_status":"closed","template":"","meta":{"footnotes":""},"class_list":["post-67","page","type-page","status-publish","hentry"],"_links":{"self":[{"href":"https:\/\/online-verdienst.biz\/index.php?rest_route=\/wp\/v2\/pages\/67","targetHints":{"allow":["GET"]}}],"collection":[{"href":"https:\/\/online-verdienst.biz\/index.php?rest_route=\/wp\/v2\/pages"}],"about":[{"href":"https:\/\/online-verdienst.biz\/index.php?rest_route=\/wp\/v2\/types\/page"}],"author":[{"embeddable":true,"href":"https:\/\/online-verdienst.biz\/index.php?rest_route=\/wp\/v2\/users\/1"}],"replies":[{"embeddable":true,"href":"https:\/\/online-verdienst.biz\/index.php?rest_route=%2Fwp%2Fv2%2Fcomments&post=67"}],"version-history":[{"count":9,"href":"https:\/\/online-verdienst.biz\/index.php?rest_route=\/wp\/v2\/pages\/67\/revisions"}],"predecessor-version":[{"id":87,"href":"https:\/\/online-verdienst.biz\/index.php?rest_route=\/wp\/v2\/pages\/67\/revisions\/87"}],"wp:attachment":[{"href":"https:\/\/online-verdienst.biz\/index.php?rest_route=%2Fwp%2Fv2%2Fmedia&parent=67"}],"curies":[{"name":"wp","href":"https:\/\/api.w.org\/{rel}","templated":true}]}}